{"id":24,"date":"2024-12-11T07:52:00","date_gmt":"2024-12-11T06:52:00","guid":{"rendered":"https:\/\/www3.basom-consulting.com\/?page_id=24"},"modified":"2025-11-04T07:20:59","modified_gmt":"2025-11-04T06:20:59","slug":"mentions-legales","status":"publish","type":"page","link":"https:\/\/www.basom-consulting.com\/fr\/mentions-legales\/","title":{"rendered":"Mentions l\u00e9gales"},"content":{"rendered":"\t\t<div data-elementor-type=\"wp-page\" data-elementor-id=\"24\" class=\"elementor elementor-24\" data-elementor-post-type=\"page\">\n\t\t\t\t<div class=\"elementor-element elementor-element-4b9c157 e-flex e-con-boxed e-con e-parent\" data-id=\"4b9c157\" data-element_type=\"container\" data-settings=\"{&quot;shape_divider_bottom&quot;:&quot;triangle&quot;}\">\n\t\t\t\t\t<div class=\"e-con-inner\">\n\t\t\t\t<div class=\"elementor-shape elementor-shape-bottom\" aria-hidden=\"true\" data-negative=\"false\">\n\t\t\t\n<svg xmlns=\"http:\/\/www.w3.org\/2000\/svg\" viewBox=\"0 0 1000 100\" preserveAspectRatio=\"none\">\n\t<path class=\"elementor-shape-fill\" d=\"M500,98.9L0,6.1V0h1000v6.1L500,98.9z\"\/>\n<\/svg>\n\t\t<\/div>\n\t\t\t\t<div class=\"elementor-element elementor-element-f8d657c elementor-widget elementor-widget-heading\" data-id=\"f8d657c\" data-element_type=\"widget\" data-widget_type=\"heading.default\">\n\t\t\t\t<div class=\"elementor-widget-container\">\n\t\t\t\t\t<h1 class=\"elementor-heading-title elementor-size-default\">Mentions l\u00e9gales<\/h1>\t\t\t\t<\/div>\n\t\t\t\t<\/div>\n\t\t<div class=\"elementor-element elementor-element-cc23f06 e-con-full e-flex e-con e-child\" data-id=\"cc23f06\" data-element_type=\"container\">\n\t\t\t\t<div class=\"elementor-element elementor-element-a75044d elementor-widget elementor-widget-heading\" data-id=\"a75044d\" data-element_type=\"widget\" data-widget_type=\"heading.default\">\n\t\t\t\t<div class=\"elementor-widget-container\">\n\t\t\t\t\t<h2 class=\"elementor-heading-title elementor-size-default\">BASOM INSTITUT SAS<\/h2>\t\t\t\t<\/div>\n\t\t\t\t<\/div>\n\t\t\t\t<div class=\"elementor-element elementor-element-fca40b2 elementor-widget elementor-widget-text-editor\" data-id=\"fca40b2\" data-element_type=\"widget\" data-widget_type=\"text-editor.default\">\n\t\t\t\t<div class=\"elementor-widget-container\">\n\t\t\t\t\t\t\t\t\t<p>Si\u00e8ge social&nbsp;: Rue de Stockholm, 1 &#8211; 75008 Paris<\/p><p>Num\u00e9ro de t\u00e9l\u00e9phone&nbsp;: <a href=\"tel:+33184174080\">+33 1 84 17 40 80<\/a><\/p><p>Adresse e-mail&nbsp;: <a href=\"mailto:commercial@basom-consulting.com\">commercial@basom-consulting.com<\/a><\/p><p>Num\u00e9ro SIREN&nbsp;: 420.412.884<\/p><p>Num\u00e9ro de TVA&nbsp;: FR44 420.412.884<\/p>\t\t\t\t\t\t\t\t<\/div>\n\t\t\t\t<\/div>\n\t\t\t\t<\/div>\n\t\t\t\t\t<\/div>\n\t\t\t\t<\/div>\n\t\t\t\t<\/div>","protected":false},"excerpt":{"rendered":"<p>BASOM INSTITUT SAS Si\u00e8ge social&nbsp;: Rue de Stockholm, 1 &#8211; 75008 Paris Num\u00e9ro de t\u00e9l\u00e9phone&nbsp;: +33 1 84 17 40 80 Adresse e-mail&nbsp;: commercial@basom-consulting.com Num\u00e9ro SIREN&nbsp;: 420.412.884 Num\u00e9ro de TVA&nbsp;: FR44 420.412.884<\/p>","protected":false},"author":1,"featured_media":2173,"parent":0,"menu_order":0,"comment_status":"closed","ping_status":"closed","template":"","meta":{"footnotes":""},"class_list":["post-24","page","type-page","status-publish","has-post-thumbnail","hentry"],"yoast_head":"<!-- This site is optimized with the Yoast SEO plugin v26.6 - https:\/\/yoast.com\/wordpress\/plugins\/seo\/ -->\n<title>BASOM Consulting | Mentions l\u00e9gales<\/title>\n<meta name=\"robots\" content=\"noindex, follow\" \/>\n<meta property=\"og:locale\" content=\"fr_FR\" \/>\n<meta property=\"og:type\" content=\"article\" \/>\n<meta property=\"og:title\" content=\"BASOM Consulting | Mentions l\u00e9gales\" \/>\n<meta property=\"og:description\" content=\"BASOM INSTITUT SAS Si\u00e8ge social&nbsp;: Rue de Stockholm, 1 &#8211; 75008 Paris Num\u00e9ro de t\u00e9l\u00e9phone&nbsp;: +33 1 84 17 40 80 Adresse e-mail&nbsp;: commercial@basom-consulting.com Num\u00e9ro SIREN&nbsp;: 420.412.884 Num\u00e9ro de TVA&nbsp;: FR44 420.412.884\" \/>\n<meta property=\"og:url\" content=\"https:\/\/www.basom-consulting.com\/fr\/mentions-legales\/\" \/>\n<meta property=\"og:site_name\" content=\"BASOM Consulting\" \/>\n<meta property=\"article:modified_time\" content=\"2025-11-04T06:20:59+00:00\" \/>\n<meta property=\"og:image\" content=\"https:\/\/www.basom-consulting.com\/wp-content\/uploads\/2025\/08\/services-informatiques.webp\" \/>\n\t<meta property=\"og:image:width\" content=\"2500\" \/>\n\t<meta property=\"og:image:height\" content=\"1669\" \/>\n\t<meta property=\"og:image:type\" content=\"image\/webp\" \/>\n<meta name=\"twitter:card\" content=\"summary_large_image\" \/>\n<meta name=\"twitter:label1\" content=\"Dur\u00e9e de lecture estim\u00e9e\" \/>\n\t<meta name=\"twitter:data1\" content=\"1 minute\" \/>\n<script type=\"application\/ld+json\" class=\"yoast-schema-graph\">{\"@context\":\"https:\/\/schema.org\",\"@graph\":[{\"@type\":\"WebPage\",\"@id\":\"https:\/\/www.basom-consulting.com\/fr\/mentions-legales\/\",\"url\":\"https:\/\/www.basom-consulting.com\/fr\/mentions-legales\/\",\"name\":\"BASOM Consulting | Mentions l\u00e9gales\",\"isPartOf\":{\"@id\":\"https:\/\/www.basom-consulting.com\/fr\/#website\"},\"primaryImageOfPage\":{\"@id\":\"https:\/\/www.basom-consulting.com\/fr\/mentions-legales\/#primaryimage\"},\"image\":{\"@id\":\"https:\/\/www.basom-consulting.com\/fr\/mentions-legales\/#primaryimage\"},\"thumbnailUrl\":\"https:\/\/www.basom-consulting.com\/wp-content\/uploads\/2025\/08\/services-informatiques.webp\",\"datePublished\":\"2024-12-11T06:52:00+00:00\",\"dateModified\":\"2025-11-04T06:20:59+00:00\",\"breadcrumb\":{\"@id\":\"https:\/\/www.basom-consulting.com\/fr\/mentions-legales\/#breadcrumb\"},\"inLanguage\":\"fr-FR\",\"potentialAction\":[{\"@type\":\"ReadAction\",\"target\":[\"https:\/\/www.basom-consulting.com\/fr\/mentions-legales\/\"]}]},{\"@type\":\"ImageObject\",\"inLanguage\":\"fr-FR\",\"@id\":\"https:\/\/www.basom-consulting.com\/fr\/mentions-legales\/#primaryimage\",\"url\":\"https:\/\/www.basom-consulting.com\/wp-content\/uploads\/2025\/08\/services-informatiques.webp\",\"contentUrl\":\"https:\/\/www.basom-consulting.com\/wp-content\/uploads\/2025\/08\/services-informatiques.webp\",\"width\":2500,\"height\":1669,\"caption\":\"Professionnel travaillant sur un ordinateur portable dans le cadre de services informatiques\"},{\"@type\":\"BreadcrumbList\",\"@id\":\"https:\/\/www.basom-consulting.com\/fr\/mentions-legales\/#breadcrumb\",\"itemListElement\":[{\"@type\":\"ListItem\",\"position\":1,\"name\":\"Accueil\",\"item\":\"https:\/\/www.basom-consulting.com\/fr\/\"},{\"@type\":\"ListItem\",\"position\":2,\"name\":\"Mentions l\u00e9gales\"}]},{\"@type\":\"WebSite\",\"@id\":\"https:\/\/www.basom-consulting.com\/fr\/#website\",\"url\":\"https:\/\/www.basom-consulting.com\/fr\/\",\"name\":\"BASOM Consulting\",\"description\":\"S\u00e9curiser votre syst\u00e8me d&#039;information, c\u2019est notre m\u00e9tier. Vous accompagner, c\u2019est notre engagement.\",\"publisher\":{\"@id\":\"https:\/\/www.basom-consulting.com\/fr\/#organization\"},\"potentialAction\":[{\"@type\":\"SearchAction\",\"target\":{\"@type\":\"EntryPoint\",\"urlTemplate\":\"https:\/\/www.basom-consulting.com\/fr\/?s={search_term_string}\"},\"query-input\":{\"@type\":\"PropertyValueSpecification\",\"valueRequired\":true,\"valueName\":\"search_term_string\"}}],\"inLanguage\":\"fr-FR\"},{\"@type\":\"Organization\",\"@id\":\"https:\/\/www.basom-consulting.com\/fr\/#organization\",\"name\":\"BASOM Consulting\",\"url\":\"https:\/\/www.basom-consulting.com\/fr\/\",\"logo\":{\"@type\":\"ImageObject\",\"inLanguage\":\"fr-FR\",\"@id\":\"https:\/\/www.basom-consulting.com\/fr\/#\/schema\/logo\/image\/\",\"url\":\"https:\/\/www.basom-consulting.com\/wp-content\/uploads\/2024\/12\/logo_basom-consulting.svg\",\"contentUrl\":\"https:\/\/www.basom-consulting.com\/wp-content\/uploads\/2024\/12\/logo_basom-consulting.svg\",\"caption\":\"BASOM Consulting\"},\"image\":{\"@id\":\"https:\/\/www.basom-consulting.com\/fr\/#\/schema\/logo\/image\/\"},\"sameAs\":[\"https:\/\/www.linkedin.com\/company\/basom-consulting\/\"]}]}<\/script>\n<!-- \/ Yoast SEO plugin. -->","yoast_head_json":{"title":"BASOM Consulting | Mentions l\u00e9gales","robots":{"index":"noindex","follow":"follow"},"og_locale":"fr_FR","og_type":"article","og_title":"BASOM Consulting | Mentions l\u00e9gales","og_description":"BASOM INSTITUT SAS Si\u00e8ge social&nbsp;: Rue de Stockholm, 1 &#8211; 75008 Paris Num\u00e9ro de t\u00e9l\u00e9phone&nbsp;: +33 1 84 17 40 80 Adresse e-mail&nbsp;: commercial@basom-consulting.com Num\u00e9ro SIREN&nbsp;: 420.412.884 Num\u00e9ro de TVA&nbsp;: FR44 420.412.884","og_url":"https:\/\/www.basom-consulting.com\/fr\/mentions-legales\/","og_site_name":"BASOM Consulting","article_modified_time":"2025-11-04T06:20:59+00:00","og_image":[{"width":2500,"height":1669,"url":"https:\/\/www.basom-consulting.com\/wp-content\/uploads\/2025\/08\/services-informatiques.webp","type":"image\/webp"}],"twitter_card":"summary_large_image","twitter_misc":{"Dur\u00e9e de lecture estim\u00e9e":"1 minute"},"schema":{"@context":"https:\/\/schema.org","@graph":[{"@type":"WebPage","@id":"https:\/\/www.basom-consulting.com\/fr\/mentions-legales\/","url":"https:\/\/www.basom-consulting.com\/fr\/mentions-legales\/","name":"BASOM Consulting | Mentions l\u00e9gales","isPartOf":{"@id":"https:\/\/www.basom-consulting.com\/fr\/#website"},"primaryImageOfPage":{"@id":"https:\/\/www.basom-consulting.com\/fr\/mentions-legales\/#primaryimage"},"image":{"@id":"https:\/\/www.basom-consulting.com\/fr\/mentions-legales\/#primaryimage"},"thumbnailUrl":"https:\/\/www.basom-consulting.com\/wp-content\/uploads\/2025\/08\/services-informatiques.webp","datePublished":"2024-12-11T06:52:00+00:00","dateModified":"2025-11-04T06:20:59+00:00","breadcrumb":{"@id":"https:\/\/www.basom-consulting.com\/fr\/mentions-legales\/#breadcrumb"},"inLanguage":"fr-FR","potentialAction":[{"@type":"ReadAction","target":["https:\/\/www.basom-consulting.com\/fr\/mentions-legales\/"]}]},{"@type":"ImageObject","inLanguage":"fr-FR","@id":"https:\/\/www.basom-consulting.com\/fr\/mentions-legales\/#primaryimage","url":"https:\/\/www.basom-consulting.com\/wp-content\/uploads\/2025\/08\/services-informatiques.webp","contentUrl":"https:\/\/www.basom-consulting.com\/wp-content\/uploads\/2025\/08\/services-informatiques.webp","width":2500,"height":1669,"caption":"Professionnel travaillant sur un ordinateur portable dans le cadre de services informatiques"},{"@type":"BreadcrumbList","@id":"https:\/\/www.basom-consulting.com\/fr\/mentions-legales\/#breadcrumb","itemListElement":[{"@type":"ListItem","position":1,"name":"Accueil","item":"https:\/\/www.basom-consulting.com\/fr\/"},{"@type":"ListItem","position":2,"name":"Mentions l\u00e9gales"}]},{"@type":"WebSite","@id":"https:\/\/www.basom-consulting.com\/fr\/#website","url":"https:\/\/www.basom-consulting.com\/fr\/","name":"BASOM Consulting","description":"S\u00e9curiser votre syst\u00e8me d&#039;information, c\u2019est notre m\u00e9tier. Vous accompagner, c\u2019est notre engagement.","publisher":{"@id":"https:\/\/www.basom-consulting.com\/fr\/#organization"},"potentialAction":[{"@type":"SearchAction","target":{"@type":"EntryPoint","urlTemplate":"https:\/\/www.basom-consulting.com\/fr\/?s={search_term_string}"},"query-input":{"@type":"PropertyValueSpecification","valueRequired":true,"valueName":"search_term_string"}}],"inLanguage":"fr-FR"},{"@type":"Organization","@id":"https:\/\/www.basom-consulting.com\/fr\/#organization","name":"BASOM Consulting","url":"https:\/\/www.basom-consulting.com\/fr\/","logo":{"@type":"ImageObject","inLanguage":"fr-FR","@id":"https:\/\/www.basom-consulting.com\/fr\/#\/schema\/logo\/image\/","url":"https:\/\/www.basom-consulting.com\/wp-content\/uploads\/2024\/12\/logo_basom-consulting.svg","contentUrl":"https:\/\/www.basom-consulting.com\/wp-content\/uploads\/2024\/12\/logo_basom-consulting.svg","caption":"BASOM Consulting"},"image":{"@id":"https:\/\/www.basom-consulting.com\/fr\/#\/schema\/logo\/image\/"},"sameAs":["https:\/\/www.linkedin.com\/company\/basom-consulting\/"]}]}},"_links":{"self":[{"href":"https:\/\/www.basom-consulting.com\/fr\/wp-json\/wp\/v2\/pages\/24","targetHints":{"allow":["GET"]}}],"collection":[{"href":"https:\/\/www.basom-consulting.com\/fr\/wp-json\/wp\/v2\/pages"}],"about":[{"href":"https:\/\/www.basom-consulting.com\/fr\/wp-json\/wp\/v2\/types\/page"}],"author":[{"embeddable":true,"href":"https:\/\/www.basom-consulting.com\/fr\/wp-json\/wp\/v2\/users\/1"}],"replies":[{"embeddable":true,"href":"https:\/\/www.basom-consulting.com\/fr\/wp-json\/wp\/v2\/comments?post=24"}],"version-history":[{"count":5,"href":"https:\/\/www.basom-consulting.com\/fr\/wp-json\/wp\/v2\/pages\/24\/revisions"}],"predecessor-version":[{"id":2196,"href":"https:\/\/www.basom-consulting.com\/fr\/wp-json\/wp\/v2\/pages\/24\/revisions\/2196"}],"wp:featuredmedia":[{"embeddable":true,"href":"https:\/\/www.basom-consulting.com\/fr\/wp-json\/wp\/v2\/media\/2173"}],"wp:attachment":[{"href":"https:\/\/www.basom-consulting.com\/fr\/wp-json\/wp\/v2\/media?parent=24"}],"curies":[{"name":"wp","href":"https:\/\/api.w.org\/{rel}","templated":true}]}}